{"id":509,"date":"2019-10-23T07:22:31","date_gmt":"2019-10-23T07:22:31","guid":{"rendered":"http:\/\/b-net.com.pl\/?page_id=509"},"modified":"2023-12-03T11:51:39","modified_gmt":"2023-12-03T11:51:39","slug":"kkr-recykling-system","status":"publish","type":"page","link":"https:\/\/b-net.com.pl\/?page_id=509","title":{"rendered":"Studio projektowe Halik Jakub"},"content":{"rendered":"\t\t<div data-elementor-type=\"wp-post\" data-elementor-id=\"509\" class=\"elementor elementor-509\">\n\t\t\t\t\t\t\t\t\t<section class=\"elementor-section elementor-top-section elementor-element elementor-element-6293129 elementor-section-stretched elementor-section-boxed elementor-section-height-default elementor-section-height-default\" data-id=\"6293129\" data-element_type=\"section\" data-settings=\"{&quot;stretch_section&quot;:&quot;section-stretched&quot;}\">\n\t\t\t\t\t\t<div class=\"elementor-container elementor-column-gap-default\">\n\t\t\t\t\t<div class=\"elementor-column elementor-col-100 elementor-top-column elementor-element elementor-element-0ca3b65\" data-id=\"0ca3b65\" data-element_type=\"column\">\n\t\t\t<div class=\"elementor-widget-wrap elementor-element-populated\">\n\t\t\t\t\t\t\t\t<div class=\"elementor-element elementor-element-5af31c6 elementor-widget elementor-widget-heading\" data-id=\"5af31c6\" data-element_type=\"widget\" data-widget_type=\"heading.default\">\n\t\t\t\t<div class=\"elementor-widget-container\">\n\t\t\t<h2 class=\"elementor-heading-title elementor-size-default\">Przyk\u0142ady wybranych realizacji:<\/h2>\t\t<\/div>\n\t\t\t\t<\/div>\n\t\t\t\t\t<\/div>\n\t\t<\/div>\n\t\t\t\t\t\t\t<\/div>\n\t\t<\/section>\n\t\t\t\t<section class=\"elementor-section elementor-top-section elementor-element elementor-element-c4a96e6 elementor-section-stretched elementor-section-boxed elementor-section-height-default elementor-section-height-default\" data-id=\"c4a96e6\" data-element_type=\"section\" data-settings=\"{&quot;stretch_section&quot;:&quot;section-stretched&quot;,&quot;background_background&quot;:&quot;classic&quot;}\">\n\t\t\t\t\t\t<div class=\"elementor-container elementor-column-gap-default\">\n\t\t\t\t\t<div class=\"elementor-column elementor-col-100 elementor-top-column elementor-element elementor-element-cceede7\" data-id=\"cceede7\" data-element_type=\"column\">\n\t\t\t<div class=\"elementor-widget-wrap elementor-element-populated\">\n\t\t\t\t\t\t\t\t<section class=\"elementor-section elementor-inner-section elementor-element elementor-element-677ad6d elementor-section-full_width elementor-section-height-default elementor-section-height-default\" data-id=\"677ad6d\" data-element_type=\"section\">\n\t\t\t\t\t\t<div class=\"elementor-container elementor-column-gap-default\">\n\t\t\t\t\t<div class=\"elementor-column elementor-col-50 elementor-inner-column elementor-element elementor-element-e25d959\" data-id=\"e25d959\" data-element_type=\"column\">\n\t\t\t<div class=\"elementor-widget-wrap elementor-element-populated\">\n\t\t\t\t\t\t\t\t<div class=\"elementor-element elementor-element-0e38b41 elementor-widget elementor-widget-heading\" data-id=\"0e38b41\" data-element_type=\"widget\" data-widget_type=\"heading.default\">\n\t\t\t\t<div class=\"elementor-widget-container\">\n\t\t\t<h2 class=\"elementor-heading-title elementor-size-default\">Pro-fil<\/h2>\t\t<\/div>\n\t\t\t\t<\/div>\n\t\t\t\t<div class=\"elementor-element elementor-element-2005f59 elementor-widget elementor-widget-text-editor\" data-id=\"2005f59\" data-element_type=\"widget\" data-widget_type=\"text-editor.default\">\n\t\t\t\t<div class=\"elementor-widget-container\">\n\t\t\t\t\t\t\t<p>Pro-fil &#8211; producent stolarki aluminiowej<\/p>\t\t\t\t\t\t<\/div>\n\t\t\t\t<\/div>\n\t\t\t\t<div class=\"elementor-element elementor-element-fca67ba elementor-widget elementor-widget-text-editor\" data-id=\"fca67ba\" data-element_type=\"widget\" data-widget_type=\"text-editor.default\">\n\t\t\t\t<div class=\"elementor-widget-container\">\n\t\t\t\t\t\t\t<p>Platforma WordPress<br \/>Cztery wersje j\u0119zykowe<br \/>System news\u00f3w, galerie, prezentacje.<br \/>Pozycjonowanie na wybrane frazy.<br \/><br \/><\/p><p>wersja online:<br \/><a href=\"http:\/\/www.pro-fil.pl\" target=\"_blank\" rel=\"noopener\">http:\/\/www.pro-fil.pl<\/a><\/p>\t\t\t\t\t\t<\/div>\n\t\t\t\t<\/div>\n\t\t\t\t\t<\/div>\n\t\t<\/div>\n\t\t\t\t<div class=\"elementor-column elementor-col-50 elementor-inner-column elementor-element elementor-element-ccc7bac\" data-id=\"ccc7bac\" data-element_type=\"column\">\n\t\t\t<div class=\"elementor-widget-wrap elementor-element-populated\">\n\t\t\t\t\t\t\t\t<div class=\"elementor-element elementor-element-942aa90 elementor-widget elementor-widget-image\" data-id=\"942aa90\" data-element_type=\"widget\" data-widget_type=\"image.default\">\n\t\t\t\t<div class=\"elementor-widget-container\">\n\t\t\t\t\t\t\t\t\t\t\t\t\t\t\t\t<a href=\"https:\/\/b-net.com.pl\/wp-content\/uploads\/2021\/07\/pro-fil.jpg\" data-elementor-open-lightbox=\"yes\" data-elementor-lightbox-title=\"Strony www brzesko Pro-fil\" data-e-action-hash=\"#elementor-action%3Aaction%3Dlightbox%26settings%3DeyJpZCI6NzA0LCJ1cmwiOiJodHRwczpcL1wvYi1uZXQuY29tLnBsXC93cC1jb250ZW50XC91cGxvYWRzXC8yMDIxXC8wN1wvcHJvLWZpbC5qcGcifQ%3D%3D\">\n\t\t\t\t\t\t\t<img decoding=\"async\" width=\"980\" height=\"600\" src=\"https:\/\/b-net.com.pl\/wp-content\/uploads\/2021\/07\/pro-fil-980x600.jpg\" class=\"attachment-freddo-the-post-small size-freddo-the-post-small wp-image-704\" alt=\"\" \/>\t\t\t\t\t\t\t\t<\/a>\n\t\t\t\t\t\t\t\t\t\t\t\t\t\t\t<\/div>\n\t\t\t\t<\/div>\n\t\t\t\t\t<\/div>\n\t\t<\/div>\n\t\t\t\t\t\t\t<\/div>\n\t\t<\/section>\n\t\t\t\t\t<\/div>\n\t\t<\/div>\n\t\t\t\t\t\t\t<\/div>\n\t\t<\/section>\n\t\t\t\t<section class=\"elementor-section elementor-top-section elementor-element elementor-element-93fc06c elementor-section-stretched elementor-section-boxed elementor-section-height-default elementor-section-height-default\" data-id=\"93fc06c\" data-element_type=\"section\" data-settings=\"{&quot;stretch_section&quot;:&quot;section-stretched&quot;,&quot;background_background&quot;:&quot;classic&quot;}\">\n\t\t\t\t\t\t<div class=\"elementor-container elementor-column-gap-default\">\n\t\t\t\t\t<div class=\"elementor-column elementor-col-100 elementor-top-column elementor-element elementor-element-4ed215b\" data-id=\"4ed215b\" data-element_type=\"column\">\n\t\t\t<div class=\"elementor-widget-wrap elementor-element-populated\">\n\t\t\t\t\t\t\t\t<section class=\"elementor-section elementor-inner-section elementor-element elementor-element-3f8189c elementor-section-full_width elementor-section-height-default elementor-section-height-default\" data-id=\"3f8189c\" data-element_type=\"section\">\n\t\t\t\t\t\t<div class=\"elementor-container elementor-column-gap-default\">\n\t\t\t\t\t<div class=\"elementor-column elementor-col-50 elementor-inner-column elementor-element elementor-element-cd457a4\" data-id=\"cd457a4\" data-element_type=\"column\">\n\t\t\t<div class=\"elementor-widget-wrap elementor-element-populated\">\n\t\t\t\t\t\t\t\t<div class=\"elementor-element elementor-element-69056ce elementor-widget elementor-widget-heading\" data-id=\"69056ce\" data-element_type=\"widget\" data-widget_type=\"heading.default\">\n\t\t\t\t<div class=\"elementor-widget-container\">\n\t\t\t<h2 class=\"elementor-heading-title elementor-size-default\">K@K Recykling System<\/h2>\t\t<\/div>\n\t\t\t\t<\/div>\n\t\t\t\t<div class=\"elementor-element elementor-element-ed04909 elementor-widget elementor-widget-text-editor\" data-id=\"ed04909\" data-element_type=\"widget\" data-widget_type=\"text-editor.default\">\n\t\t\t\t<div class=\"elementor-widget-container\">\n\t\t\t\t\t\t\t<p>Producent maszyn i linii do recyklingu tworzyw sztucznych<\/p>\t\t\t\t\t\t<\/div>\n\t\t\t\t<\/div>\n\t\t\t\t<div class=\"elementor-element elementor-element-22c2a94 elementor-widget elementor-widget-text-editor\" data-id=\"22c2a94\" data-element_type=\"widget\" data-widget_type=\"text-editor.default\">\n\t\t\t\t<div class=\"elementor-widget-container\">\n\t\t\t\t\t\t\t<p>Platforma: WordPress<\/p><p>Cztery wersje j\u0119zykowe<br \/>System news\u00f3w, galerie, prezentacje.<br \/>Pozycjonowanie na wybrane frazy<br \/>wersja online:<br \/><a href=\"http:\/\/www.kkr.biz.pl\/\" target=\"_blank\" rel=\"noopener\">http:\/\/www.kkr.biz.pl\/<\/a><\/p>\t\t\t\t\t\t<\/div>\n\t\t\t\t<\/div>\n\t\t\t\t\t<\/div>\n\t\t<\/div>\n\t\t\t\t<div class=\"elementor-column elementor-col-50 elementor-inner-column elementor-element elementor-element-52f0c53\" data-id=\"52f0c53\" data-element_type=\"column\">\n\t\t\t<div class=\"elementor-widget-wrap elementor-element-populated\">\n\t\t\t\t\t\t\t\t<div class=\"elementor-element elementor-element-293c1e9 elementor-widget elementor-widget-image\" data-id=\"293c1e9\" data-element_type=\"widget\" data-widget_type=\"image.default\">\n\t\t\t\t<div class=\"elementor-widget-container\">\n\t\t\t\t\t\t\t\t\t\t\t\t\t\t\t\t<a href=\"https:\/\/b-net.com.pl\/wp-content\/uploads\/2020\/01\/kkr.jpg\" data-elementor-open-lightbox=\"yes\" data-elementor-lightbox-title=\"kkr\" data-e-action-hash=\"#elementor-action%3Aaction%3Dlightbox%26settings%3DeyJpZCI6NjMzLCJ1cmwiOiJodHRwczpcL1wvYi1uZXQuY29tLnBsXC93cC1jb250ZW50XC91cGxvYWRzXC8yMDIwXC8wMVwva2tyLmpwZyJ9\">\n\t\t\t\t\t\t\t<img decoding=\"async\" width=\"640\" height=\"338\" src=\"https:\/\/b-net.com.pl\/wp-content\/uploads\/2020\/01\/kkr-1024x541.jpg\" class=\"attachment-large size-large wp-image-633\" alt=\"\" srcset=\"https:\/\/b-net.com.pl\/wp-content\/uploads\/2020\/01\/kkr-1024x541.jpg 1024w, https:\/\/b-net.com.pl\/wp-content\/uploads\/2020\/01\/kkr-300x159.jpg 300w, https:\/\/b-net.com.pl\/wp-content\/uploads\/2020\/01\/kkr-768x406.jpg 768w, https:\/\/b-net.com.pl\/wp-content\/uploads\/2020\/01\/kkr-1536x812.jpg 1536w, https:\/\/b-net.com.pl\/wp-content\/uploads\/2020\/01\/kkr.jpg 1600w\" sizes=\"(max-width: 640px) 100vw, 640px\" \/>\t\t\t\t\t\t\t\t<\/a>\n\t\t\t\t\t\t\t\t\t\t\t\t\t\t\t<\/div>\n\t\t\t\t<\/div>\n\t\t\t\t\t<\/div>\n\t\t<\/div>\n\t\t\t\t\t\t\t<\/div>\n\t\t<\/section>\n\t\t\t\t\t<\/div>\n\t\t<\/div>\n\t\t\t\t\t\t\t<\/div>\n\t\t<\/section>\n\t\t\t\t\t\t\t<\/div>\n\t\t","protected":false},"excerpt":{"rendered":"<p>Przyk\u0142ady wybranych realizacji: Pro-fil Pro-fil &#8211; producent stolarki aluminiowej Platforma WordPressCztery wersje j\u0119zykoweSystem news\u00f3w, galerie, prezentacje.Pozycjonowanie na wybrane frazy. wersja online:http:\/\/www.pro-fil.pl K@K Recykling System Producent maszyn i linii do recyklingu&hellip;<\/p>\n","protected":false},"author":1,"featured_media":0,"parent":0,"menu_order":0,"comment_status":"closed","ping_status":"closed","template":"elementor_header_footer","meta":{"footnotes":""},"_links":{"self":[{"href":"https:\/\/b-net.com.pl\/index.php?rest_route=\/wp\/v2\/pages\/509"}],"collection":[{"href":"https:\/\/b-net.com.pl\/index.php?rest_route=\/wp\/v2\/pages"}],"about":[{"href":"https:\/\/b-net.com.pl\/index.php?rest_route=\/wp\/v2\/types\/page"}],"author":[{"embeddable":true,"href":"https:\/\/b-net.com.pl\/index.php?rest_route=\/wp\/v2\/users\/1"}],"replies":[{"embeddable":true,"href":"https:\/\/b-net.com.pl\/index.php?rest_route=%2Fwp%2Fv2%2Fcomments&post=509"}],"version-history":[{"count":46,"href":"https:\/\/b-net.com.pl\/index.php?rest_route=\/wp\/v2\/pages\/509\/revisions"}],"predecessor-version":[{"id":743,"href":"https:\/\/b-net.com.pl\/index.php?rest_route=\/wp\/v2\/pages\/509\/revisions\/743"}],"wp:attachment":[{"href":"https:\/\/b-net.com.pl\/index.php?rest_route=%2Fwp%2Fv2%2Fmedia&parent=509"}],"curies":[{"name":"wp","href":"https:\/\/api.w.org\/{rel}","templated":true}]}}