{"id":42,"date":"2018-03-12T13:57:32","date_gmt":"2018-03-12T13:57:32","guid":{"rendered":"http:\/\/b-net.com.pl\/?page_id=42"},"modified":"2023-12-03T11:52:15","modified_gmt":"2023-12-03T11:52:15","slug":"logotypy-wizytowki","status":"publish","type":"page","link":"https:\/\/b-net.com.pl\/?page_id=42","title":{"rendered":"Logotypy, wizyt\u00f3wki"},"content":{"rendered":"\t\t<div data-elementor-type=\"wp-post\" data-elementor-id=\"42\" class=\"elementor elementor-42\">\n\t\t\t\t\t\t\t\t\t<section class=\"elementor-section elementor-top-section elementor-element elementor-element-f994894 elementor-section-stretched elementor-section-boxed elementor-section-height-default elementor-section-height-default\" data-id=\"f994894\" data-element_type=\"section\" data-settings=\"{&quot;stretch_section&quot;:&quot;section-stretched&quot;}\">\n\t\t\t\t\t\t<div class=\"elementor-container elementor-column-gap-default\">\n\t\t\t\t\t<div class=\"elementor-column elementor-col-100 elementor-top-column elementor-element elementor-element-c694b19\" data-id=\"c694b19\" data-element_type=\"column\">\n\t\t\t<div class=\"elementor-widget-wrap elementor-element-populated\">\n\t\t\t\t\t\t\t\t<div class=\"elementor-element elementor-element-d8b479c elementor-widget elementor-widget-heading\" data-id=\"d8b479c\" data-element_type=\"widget\" data-widget_type=\"heading.default\">\n\t\t\t\t<div class=\"elementor-widget-container\">\n\t\t\t<h2 class=\"elementor-heading-title elementor-size-default\">Przyk\u0142ady wybranych realizacji:<\/h2>\t\t<\/div>\n\t\t\t\t<\/div>\n\t\t\t\t\t<\/div>\n\t\t<\/div>\n\t\t\t\t\t\t\t<\/div>\n\t\t<\/section>\n\t\t\t\t<section class=\"elementor-section elementor-top-section elementor-element elementor-element-bac5460 elementor-section-stretched elementor-section-full_width elementor-section-height-default elementor-section-height-default\" data-id=\"bac5460\" data-element_type=\"section\" data-settings=\"{&quot;stretch_section&quot;:&quot;section-stretched&quot;}\">\n\t\t\t\t\t\t<div class=\"elementor-container elementor-column-gap-default\">\n\t\t\t\t\t<div class=\"elementor-column elementor-col-100 elementor-top-column elementor-element elementor-element-3d66715\" data-id=\"3d66715\" data-element_type=\"column\">\n\t\t\t<div class=\"elementor-widget-wrap\">\n\t\t\t\t\t\t\t\t\t<\/div>\n\t\t<\/div>\n\t\t\t\t\t\t\t<\/div>\n\t\t<\/section>\n\t\t\t\t<section class=\"elementor-section elementor-top-section elementor-element elementor-element-464f66b elementor-section-stretched elementor-section-full_width elementor-section-height-default elementor-section-height-default\" data-id=\"464f66b\" data-element_type=\"section\" data-settings=\"{&quot;stretch_section&quot;:&quot;section-stretched&quot;}\">\n\t\t\t\t\t\t<div class=\"elementor-container elementor-column-gap-default\">\n\t\t\t\t\t<div class=\"elementor-column elementor-col-100 elementor-top-column elementor-element elementor-element-919e85d\" data-id=\"919e85d\" data-element_type=\"column\">\n\t\t\t<div class=\"elementor-widget-wrap elementor-element-populated\">\n\t\t\t\t\t\t\t\t<section class=\"elementor-section elementor-inner-section elementor-element elementor-element-ba7b58b elementor-section-content-top elementor-section-boxed elementor-section-height-default elementor-section-height-default elementor-invisible\" data-id=\"ba7b58b\" data-element_type=\"section\" data-settings=\"{&quot;animation&quot;:&quot;fadeInLeft&quot;,&quot;background_background&quot;:&quot;classic&quot;}\">\n\t\t\t\t\t\t<div class=\"elementor-container elementor-column-gap-default\">\n\t\t\t\t\t<div class=\"elementor-column elementor-col-50 elementor-inner-column elementor-element elementor-element-66ca31c\" data-id=\"66ca31c\" data-element_type=\"column\">\n\t\t\t<div class=\"elementor-widget-wrap elementor-element-populated\">\n\t\t\t\t\t\t\t\t<div class=\"elementor-element elementor-element-21e42bf elementor-widget elementor-widget-text-editor\" data-id=\"21e42bf\" data-element_type=\"widget\" data-widget_type=\"text-editor.default\">\n\t\t\t\t<div class=\"elementor-widget-container\">\n\t\t\t\t\t\t\t<p><b>Logotypy.<br \/><\/b>Wybrane przyk\u0142ady realizacji.<\/p>\t\t\t\t\t\t<\/div>\n\t\t\t\t<\/div>\n\t\t\t\t\t<\/div>\n\t\t<\/div>\n\t\t\t\t<div class=\"elementor-column elementor-col-50 elementor-inner-column elementor-element elementor-element-a0e0c48\" data-id=\"a0e0c48\" data-element_type=\"column\" data-settings=\"{&quot;background_background&quot;:&quot;classic&quot;}\">\n\t\t\t<div class=\"elementor-widget-wrap elementor-element-populated\">\n\t\t\t\t\t\t\t\t<div class=\"elementor-element elementor-element-95b89d0 elementor-arrows-position-inside elementor-widget elementor-widget-image-carousel\" data-id=\"95b89d0\" data-element_type=\"widget\" data-settings=\"{&quot;slides_to_show&quot;:&quot;1&quot;,&quot;navigation&quot;:&quot;arrows&quot;,&quot;autoplay&quot;:&quot;yes&quot;,&quot;pause_on_hover&quot;:&quot;yes&quot;,&quot;pause_on_interaction&quot;:&quot;yes&quot;,&quot;autoplay_speed&quot;:5000,&quot;infinite&quot;:&quot;yes&quot;,&quot;effect&quot;:&quot;slide&quot;,&quot;speed&quot;:500}\" data-widget_type=\"image-carousel.default\">\n\t\t\t\t<div class=\"elementor-widget-container\">\n\t\t\t\t\t<div class=\"elementor-image-carousel-wrapper swiper-container\" dir=\"ltr\">\n\t\t\t<div class=\"elementor-image-carousel swiper-wrapper\" aria-live=\"off\">\n\t\t\t\t\t\t\t\t<div class=\"swiper-slide\" role=\"group\" aria-roledescription=\"slide\" aria-label=\"1 of 8\"><a data-elementor-open-lightbox=\"yes\" data-elementor-lightbox-slideshow=\"95b89d0\" data-elementor-lightbox-title=\"Projekt logotypu dla restauracji\" data-e-action-hash=\"#elementor-action%3Aaction%3Dlightbox%26settings%3DeyJpZCI6NzIzLCJ1cmwiOiJodHRwczpcL1wvYi1uZXQuY29tLnBsXC93cC1jb250ZW50XC91cGxvYWRzXC8yMDIxXC8wOFwvbmFwaXN5X3R1dGFqLmpwZyIsInNsaWRlc2hvdyI6Ijk1Yjg5ZDAifQ%3D%3D\" href=\"https:\/\/b-net.com.pl\/wp-content\/uploads\/2021\/08\/napisy_tutaj.jpg\"><figure class=\"swiper-slide-inner\"><img decoding=\"async\" class=\"swiper-slide-image\" src=\"https:\/\/b-net.com.pl\/wp-content\/uploads\/2021\/08\/napisy_tutaj-768x494.jpg\" alt=\"Projekt logotypu dla restauracji\" \/><figcaption class=\"elementor-image-carousel-caption\">Projekt logotypu dla restauracji<\/figcaption><\/figure><\/a><\/div><div class=\"swiper-slide\" role=\"group\" aria-roledescription=\"slide\" aria-label=\"2 of 8\"><a data-elementor-open-lightbox=\"yes\" data-elementor-lightbox-slideshow=\"95b89d0\" data-elementor-lightbox-title=\"Brzeska Pracownia Cukiernicza\" data-e-action-hash=\"#elementor-action%3Aaction%3Dlightbox%26settings%3DeyJpZCI6NjY2LCJ1cmwiOiJodHRwczpcL1wvYi1uZXQuY29tLnBsXC93cC1jb250ZW50XC91cGxvYWRzXC8yMDIwXC8wMVwvY3VraWVybmlhX2xvZ28uanBnIiwic2xpZGVzaG93IjoiOTViODlkMCJ9\" href=\"https:\/\/b-net.com.pl\/wp-content\/uploads\/2020\/01\/cukiernia_logo.jpg\"><figure class=\"swiper-slide-inner\"><img decoding=\"async\" class=\"swiper-slide-image\" src=\"https:\/\/b-net.com.pl\/wp-content\/uploads\/2020\/01\/cukiernia_logo-768x583.jpg\" alt=\"Brzeska Pracownia Cukiernicza\" \/><figcaption class=\"elementor-image-carousel-caption\">Brzeska Pracownia Cukiernicza<\/figcaption><\/figure><\/a><\/div><div class=\"swiper-slide\" role=\"group\" aria-roledescription=\"slide\" aria-label=\"3 of 8\"><a data-elementor-open-lightbox=\"yes\" data-elementor-lightbox-slideshow=\"95b89d0\" data-elementor-lightbox-title=\"Holenderski producent artyku\u0142\u00f3w dla hodowc\u00f3w\" data-e-action-hash=\"#elementor-action%3Aaction%3Dlightbox%26settings%3DeyJpZCI6NjUzLCJ1cmwiOiJodHRwczpcL1wvYi1uZXQuY29tLnBsXC93cC1jb250ZW50XC91cGxvYWRzXC8yMDIwXC8wMVwvTG9nb190cmF2aS5qcGciLCJzbGlkZXNob3ciOiI5NWI4OWQwIn0%3D\" href=\"https:\/\/b-net.com.pl\/wp-content\/uploads\/2020\/01\/Logo_travi.jpg\"><figure class=\"swiper-slide-inner\"><img decoding=\"async\" class=\"swiper-slide-image\" src=\"https:\/\/b-net.com.pl\/wp-content\/uploads\/2020\/01\/Logo_travi-768x583.jpg\" alt=\"Holenderski producent artyku\u0142\u00f3w dla hodowc\u00f3w\" \/><figcaption class=\"elementor-image-carousel-caption\">Holenderski producent artyku\u0142\u00f3w dla hodowc\u00f3w<\/figcaption><\/figure><\/a><\/div><div class=\"swiper-slide\" role=\"group\" aria-roledescription=\"slide\" aria-label=\"4 of 8\"><a data-elementor-open-lightbox=\"yes\" data-elementor-lightbox-slideshow=\"95b89d0\" data-elementor-lightbox-title=\"Logo dla klubu Crossfit\" data-e-action-hash=\"#elementor-action%3Aaction%3Dlightbox%26settings%3DeyJpZCI6NjUyLCJ1cmwiOiJodHRwczpcL1wvYi1uZXQuY29tLnBsXC93cC1jb250ZW50XC91cGxvYWRzXC8yMDIwXC8wMVwvTG9nXzM3LmpwZyIsInNsaWRlc2hvdyI6Ijk1Yjg5ZDAifQ%3D%3D\" href=\"https:\/\/b-net.com.pl\/wp-content\/uploads\/2020\/01\/Log_37.jpg\"><figure class=\"swiper-slide-inner\"><img decoding=\"async\" class=\"swiper-slide-image\" src=\"https:\/\/b-net.com.pl\/wp-content\/uploads\/2020\/01\/Log_37-768x583.jpg\" alt=\"Logo dla klubu Crossfit\" \/><figcaption class=\"elementor-image-carousel-caption\">Logo dla klubu Crossfit<\/figcaption><\/figure><\/a><\/div><div class=\"swiper-slide\" role=\"group\" aria-roledescription=\"slide\" aria-label=\"5 of 8\"><a data-elementor-open-lightbox=\"yes\" data-elementor-lightbox-slideshow=\"95b89d0\" data-elementor-lightbox-title=\"Organizator profesjonalnych wy\u015bcig\u00f3w\" data-e-action-hash=\"#elementor-action%3Aaction%3Dlightbox%26settings%3DeyJpZCI6NjUxLCJ1cmwiOiJodHRwczpcL1wvYi1uZXQuY29tLnBsXC93cC1jb250ZW50XC91cGxvYWRzXC8yMDIwXC8wMVwva3Jha3VzLmpwZyIsInNsaWRlc2hvdyI6Ijk1Yjg5ZDAifQ%3D%3D\" href=\"https:\/\/b-net.com.pl\/wp-content\/uploads\/2020\/01\/krakus.jpg\"><figure class=\"swiper-slide-inner\"><img decoding=\"async\" class=\"swiper-slide-image\" src=\"https:\/\/b-net.com.pl\/wp-content\/uploads\/2020\/01\/krakus-768x583.jpg\" alt=\"Organizator profesjonalnych wy\u015bcig\u00f3w\" \/><figcaption class=\"elementor-image-carousel-caption\">Organizator profesjonalnych wy\u015bcig\u00f3w<\/figcaption><\/figure><\/a><\/div><div class=\"swiper-slide\" role=\"group\" aria-roledescription=\"slide\" aria-label=\"6 of 8\"><a data-elementor-open-lightbox=\"yes\" data-elementor-lightbox-slideshow=\"95b89d0\" data-elementor-lightbox-title=\"Producent maszyn do recyklingu tworzyw sztucznych\" data-e-action-hash=\"#elementor-action%3Aaction%3Dlightbox%26settings%3DeyJpZCI6NjUwLCJ1cmwiOiJodHRwczpcL1wvYi1uZXQuY29tLnBsXC93cC1jb250ZW50XC91cGxvYWRzXC8yMDIwXC8wMVwva2tyX2xvZ28uanBnIiwic2xpZGVzaG93IjoiOTViODlkMCJ9\" href=\"https:\/\/b-net.com.pl\/wp-content\/uploads\/2020\/01\/kkr_logo.jpg\"><figure class=\"swiper-slide-inner\"><img decoding=\"async\" class=\"swiper-slide-image\" src=\"https:\/\/b-net.com.pl\/wp-content\/uploads\/2020\/01\/kkr_logo-768x583.jpg\" alt=\"Producent maszyn do recyklingu tworzyw sztucznych\" \/><figcaption class=\"elementor-image-carousel-caption\">Producent maszyn do recyklingu tworzyw sztucznych<\/figcaption><\/figure><\/a><\/div><div class=\"swiper-slide\" role=\"group\" aria-roledescription=\"slide\" aria-label=\"7 of 8\"><a data-elementor-open-lightbox=\"yes\" data-elementor-lightbox-slideshow=\"95b89d0\" data-elementor-lightbox-title=\"Deweloper mieszka\u0144\" data-e-action-hash=\"#elementor-action%3Aaction%3Dlightbox%26settings%3DeyJpZCI6NjQ5LCJ1cmwiOiJodHRwczpcL1wvYi1uZXQuY29tLnBsXC93cC1jb250ZW50XC91cGxvYWRzXC8yMDIwXC8wMVwvYnVkX21heF9sb2dvLmpwZyIsInNsaWRlc2hvdyI6Ijk1Yjg5ZDAifQ%3D%3D\" href=\"https:\/\/b-net.com.pl\/wp-content\/uploads\/2020\/01\/bud_max_logo.jpg\"><figure class=\"swiper-slide-inner\"><img decoding=\"async\" class=\"swiper-slide-image\" src=\"https:\/\/b-net.com.pl\/wp-content\/uploads\/2020\/01\/bud_max_logo-768x583.jpg\" alt=\"Deweloper mieszka\u0144\" \/><figcaption class=\"elementor-image-carousel-caption\">Deweloper mieszka\u0144<\/figcaption><\/figure><\/a><\/div><div class=\"swiper-slide\" role=\"group\" aria-roledescription=\"slide\" aria-label=\"8 of 8\"><a data-elementor-open-lightbox=\"yes\" data-elementor-lightbox-slideshow=\"95b89d0\" data-elementor-lightbox-title=\"Studio graficzne\" data-e-action-hash=\"#elementor-action%3Aaction%3Dlightbox%26settings%3DeyJpZCI6NjQ4LCJ1cmwiOiJodHRwczpcL1wvYi1uZXQuY29tLnBsXC93cC1jb250ZW50XC91cGxvYWRzXC8yMDIwXC8wMVwvYl9uZXRfbG9nby5qcGciLCJzbGlkZXNob3ciOiI5NWI4OWQwIn0%3D\" href=\"https:\/\/b-net.com.pl\/wp-content\/uploads\/2020\/01\/b_net_logo.jpg\"><figure class=\"swiper-slide-inner\"><img decoding=\"async\" class=\"swiper-slide-image\" src=\"https:\/\/b-net.com.pl\/wp-content\/uploads\/2020\/01\/b_net_logo-768x583.jpg\" alt=\"Studio graficzne\" \/><figcaption class=\"elementor-image-carousel-caption\">Studio graficzne<\/figcaption><\/figure><\/a><\/div>\t\t\t<\/div>\n\t\t\t\t\t\t\t\t\t\t\t\t<div class=\"elementor-swiper-button elementor-swiper-button-prev\" role=\"button\" tabindex=\"0\">\n\t\t\t\t\t\t<i aria-hidden=\"true\" class=\"eicon-chevron-left\"><\/i>\t\t\t\t\t<\/div>\n\t\t\t\t\t<div class=\"elementor-swiper-button elementor-swiper-button-next\" role=\"button\" tabindex=\"0\">\n\t\t\t\t\t\t<i aria-hidden=\"true\" class=\"eicon-chevron-right\"><\/i>\t\t\t\t\t<\/div>\n\t\t\t\t\n\t\t\t\t\t\t\t\t\t<\/div>\n\t\t\t\t<\/div>\n\t\t\t\t<\/div>\n\t\t\t\t\t<\/div>\n\t\t<\/div>\n\t\t\t\t\t\t\t<\/div>\n\t\t<\/section>\n\t\t\t\t\t<\/div>\n\t\t<\/div>\n\t\t\t\t\t\t\t<\/div>\n\t\t<\/section>\n\t\t\t\t\t\t\t<\/div>\n\t\t","protected":false},"excerpt":{"rendered":"<p>Przyk\u0142ady wybranych realizacji: Logotypy.Wybrane przyk\u0142ady realizacji. Projekt logotypu dla restauracji Brzeska Pracownia Cukiernicza Holenderski producent artyku\u0142\u00f3w dla hodowc\u00f3w Logo dla klubu Crossfit Organizator profesjonalnych wy\u015bcig\u00f3w Producent maszyn do recyklingu tworzyw&hellip;<\/p>\n","protected":false},"author":1,"featured_media":0,"parent":0,"menu_order":0,"comment_status":"closed","ping_status":"closed","template":"elementor_header_footer","meta":{"footnotes":""},"_links":{"self":[{"href":"https:\/\/b-net.com.pl\/index.php?rest_route=\/wp\/v2\/pages\/42"}],"collection":[{"href":"https:\/\/b-net.com.pl\/index.php?rest_route=\/wp\/v2\/pages"}],"about":[{"href":"https:\/\/b-net.com.pl\/index.php?rest_route=\/wp\/v2\/types\/page"}],"author":[{"embeddable":true,"href":"https:\/\/b-net.com.pl\/index.php?rest_route=\/wp\/v2\/users\/1"}],"replies":[{"embeddable":true,"href":"https:\/\/b-net.com.pl\/index.php?rest_route=%2Fwp%2Fv2%2Fcomments&post=42"}],"version-history":[{"count":77,"href":"https:\/\/b-net.com.pl\/index.php?rest_route=\/wp\/v2\/pages\/42\/revisions"}],"predecessor-version":[{"id":746,"href":"https:\/\/b-net.com.pl\/index.php?rest_route=\/wp\/v2\/pages\/42\/revisions\/746"}],"wp:attachment":[{"href":"https:\/\/b-net.com.pl\/index.php?rest_route=%2Fwp%2Fv2%2Fmedia&parent=42"}],"curies":[{"name":"wp","href":"https:\/\/api.w.org\/{rel}","templated":true}]}}